{"id":6,"date":"2017-10-27T09:57:32","date_gmt":"2017-10-27T07:57:32","guid":{"rendered":"http:\/\/location-ski-risoul.com\/?page_id=6"},"modified":"2023-09-27T15:00:39","modified_gmt":"2023-09-27T13:00:39","slug":"location-ski-risoul","status":"publish","type":"page","link":"https:\/\/location-ski-risoul.com\/","title":{"rendered":"Location ski Risoul"},"content":{"rendered":"<p><strong><a href=\"http:\/\/location-ski-risoul.com\">LOCATION DE SKI PAS CHER A RISOUL<\/a><\/strong><\/p>\n<p>LOCATION &#8211; VENTE &#8211; REPARATION<\/p>\n<p>Bienvenue dans votre magasin de sports d&#8217;hiver<\/p>\n<p>\u00e0 RISOUL 1850 &#8211; Hautes-Alpes<\/p>\n<p><strong>J\u00e9r\u00f4me est le nouveau propri\u00e9taire du magasin.<\/strong><\/p>\n<p><strong>Risoulin et Moniteur de ski, il saura r\u00e9pondre \u00e0 toutes vos attentes.<\/strong><\/p>\n<p><a href=\"http:\/\/location-ski-risoul.com\" target=\"_blank\" rel=\"noopener\">Louez votre mat\u00e9riel ski snowboard en ligne ici.<\/a><\/p>\n<p><strong>\u00a0<\/strong><\/p>\n<p><strong>Nous sommes une \u00e9quipe passionn\u00e9e de montagne,\u00a0<\/strong><strong>de nature et de glisse.<\/strong><\/p>\n<p><strong>Notre souhait est de\u00a0proposer un accueil convivial<br \/>\net un service personnalis\u00e9.<\/strong><\/p>\n<p><strong>A l&#8217;\u00e9coute de nos clients, nous vous conseillons<br \/>\ndiff\u00e9rentes gammes de mat\u00e9riels selon votre\u00a0niveau<br \/>\net votre\u00a0style de ski.<br \/>\nVous trouverez \u00e9galement de nombreux<br \/>\naccessoires pour\u00a0toute la famille.<\/strong><\/p>\n<p><a href=\"http:\/\/location-ski-risoul.com\/index.php\/contact\/\"><strong>Contactez nous ici<\/strong><\/a><\/p>\n<h1>Raquettes \u00e0 Neige !<\/h1>\n<p><strong>Des sorties en\u00a0raquettes\u00a0sont propos\u00e9es par des accompagnateurs dipl\u00f4m\u00e9s d&#8217;\u00e9tat \u00a0\u00a0 Renseignements et r\u00e9servations sur place.<\/strong><\/p>\n<h3><u>Actualit\u00e9s du magasin<\/u><\/h3>\n<p>Retrouvez des news, des conseils d&#8217;entretien de mat\u00e9riel, des vid\u00e9os, des infos m\u00e9t\u00e9o et bien plus encore !<\/p>\n<p>Infos station<\/p>\n<p>site internet officiel risoul.com<\/p>\n","protected":false},"excerpt":{"rendered":"<p>LOCATION DE SKI PAS CHER A RISOUL LOCATION &#8211; VENTE &#8211; REPARATION Bienvenue dans votre magasin de sports d&#8217;hiver \u00e0 RISOUL 1850 &#8211; Hautes-Alpes J\u00e9r\u00f4me est le nouveau propri\u00e9taire du magasin. Risoulin et Moniteur de ski, il saura r\u00e9pondre \u00e0 toutes vos attentes. Louez votre mat\u00e9riel ski snowboard en ligne ici. \u00a0 Nous sommes une [&hellip;]<\/p>\n","protected":false},"author":1,"featured_media":52,"parent":0,"menu_order":0,"comment_status":"closed","ping_status":"closed","template":"","meta":{"footnotes":""},"_links":{"self":[{"href":"https:\/\/location-ski-risoul.com\/index.php\/wp-json\/wp\/v2\/pages\/6"}],"collection":[{"href":"https:\/\/location-ski-risoul.com\/index.php\/wp-json\/wp\/v2\/pages"}],"about":[{"href":"https:\/\/location-ski-risoul.com\/index.php\/wp-json\/wp\/v2\/types\/page"}],"author":[{"embeddable":true,"href":"https:\/\/location-ski-risoul.com\/index.php\/wp-json\/wp\/v2\/users\/1"}],"replies":[{"embeddable":true,"href":"https:\/\/location-ski-risoul.com\/index.php\/wp-json\/wp\/v2\/comments?post=6"}],"version-history":[{"count":6,"href":"https:\/\/location-ski-risoul.com\/index.php\/wp-json\/wp\/v2\/pages\/6\/revisions"}],"predecessor-version":[{"id":79,"href":"https:\/\/location-ski-risoul.com\/index.php\/wp-json\/wp\/v2\/pages\/6\/revisions\/79"}],"wp:featuredmedia":[{"embeddable":true,"href":"https:\/\/location-ski-risoul.com\/index.php\/wp-json\/wp\/v2\/media\/52"}],"wp:attachment":[{"href":"https:\/\/location-ski-risoul.com\/index.php\/wp-json\/wp\/v2\/media?parent=6"}],"curies":[{"name":"wp","href":"https:\/\/api.w.org\/{rel}","templated":true}]}}